{"id":188,"date":"2026-03-01T00:20:40","date_gmt":"2026-02-28T21:20:40","guid":{"rendered":"https:\/\/fmoyyapi.com\/?page_id=188"},"modified":"2026-03-01T00:48:23","modified_gmt":"2026-02-28T21:48:23","slug":"projeler-2","status":"publish","type":"page","link":"https:\/\/fmoyyapi.com\/index.php\/projeler-2\/","title":{"rendered":"Projeler"},"content":{"rendered":"\t\t<div data-elementor-type=\"wp-page\" data-elementor-id=\"188\" class=\"elementor elementor-188\">\n\t\t\t\t<div class=\"elementor-element elementor-element-e0d3d02 e-flex e-con-boxed e-con e-parent\" data-id=\"e0d3d02\" data-element_type=\"container\" data-e-type=\"container\">\n\t\t\t\t\t<div class=\"e-con-inner\">\n\t\t<div class=\"elementor-element elementor-element-d853345 e-con-full e-flex e-con e-child\" data-id=\"d853345\" data-element_type=\"container\" data-e-type=\"container\">\n\t\t\t\t<div class=\"elementor-element elementor-element-a9a1d3d elementor-widget elementor-widget-image\" data-id=\"a9a1d3d\" data-element_type=\"widget\" data-e-type=\"widget\" data-widget_type=\"image.default\">\n\t\t\t\t\t\t\t\t\t\t\t\t\t\t\t\t<a href=\"https:\/\/fmoyyapi.com\/index.php\/guzelyurt\/\">\n\t\t\t\t\t\t\t<img fetchpriority=\"high\" decoding=\"async\" width=\"300\" height=\"169\" src=\"https:\/\/fmoyyapi.com\/wp-content\/uploads\/2026\/02\/WhatsApp-Image-2026-02-28-at-16.28.46-1-300x169.jpeg\" class=\"attachment-medium size-medium wp-image-116\" alt=\"\" srcset=\"https:\/\/fmoyyapi.com\/wp-content\/uploads\/2026\/02\/WhatsApp-Image-2026-02-28-at-16.28.46-1-300x169.jpeg 300w, https:\/\/fmoyyapi.com\/wp-content\/uploads\/2026\/02\/WhatsApp-Image-2026-02-28-at-16.28.46-1-1024x576.jpeg 1024w, https:\/\/fmoyyapi.com\/wp-content\/uploads\/2026\/02\/WhatsApp-Image-2026-02-28-at-16.28.46-1-768x432.jpeg 768w, https:\/\/fmoyyapi.com\/wp-content\/uploads\/2026\/02\/WhatsApp-Image-2026-02-28-at-16.28.46-1-1536x864.jpeg 1536w, https:\/\/fmoyyapi.com\/wp-content\/uploads\/2026\/02\/WhatsApp-Image-2026-02-28-at-16.28.46-1.jpeg 1920w\" sizes=\"(max-width: 300px) 100vw, 300px\" \/>\t\t\t\t\t\t\t\t<\/a>\n\t\t\t\t\t\t\t\t\t\t\t\t\t\t\t<\/div>\n\t\t\t\t<\/div>\n\t\t<div class=\"elementor-element elementor-element-3de9890 e-con-full e-flex e-con e-child\" data-id=\"3de9890\" data-element_type=\"container\" data-e-type=\"container\">\n\t\t\t\t<div class=\"elementor-element elementor-element-e484dc3 elementor-widget elementor-widget-image\" data-id=\"e484dc3\" data-element_type=\"widget\" data-e-type=\"widget\" data-widget_type=\"image.default\">\n\t\t\t\t\t\t\t\t\t\t\t\t\t\t\t\t<a href=\"https:\/\/fmoyyapi.com\/index.php\/alpaslan-ataman\/\">\n\t\t\t\t\t\t\t<img decoding=\"async\" width=\"300\" height=\"169\" src=\"https:\/\/fmoyyapi.com\/wp-content\/uploads\/2026\/02\/WhatsApp-Image-2026-02-28-at-16.28.45-3-1-300x169.jpeg\" class=\"attachment-medium size-medium wp-image-115\" alt=\"\" srcset=\"https:\/\/fmoyyapi.com\/wp-content\/uploads\/2026\/02\/WhatsApp-Image-2026-02-28-at-16.28.45-3-1-300x169.jpeg 300w, https:\/\/fmoyyapi.com\/wp-content\/uploads\/2026\/02\/WhatsApp-Image-2026-02-28-at-16.28.45-3-1-1024x576.jpeg 1024w, https:\/\/fmoyyapi.com\/wp-content\/uploads\/2026\/02\/WhatsApp-Image-2026-02-28-at-16.28.45-3-1-768x432.jpeg 768w, https:\/\/fmoyyapi.com\/wp-content\/uploads\/2026\/02\/WhatsApp-Image-2026-02-28-at-16.28.45-3-1-1536x864.jpeg 1536w, https:\/\/fmoyyapi.com\/wp-content\/uploads\/2026\/02\/WhatsApp-Image-2026-02-28-at-16.28.45-3-1.jpeg 1600w\" sizes=\"(max-width: 300px) 100vw, 300px\" \/>\t\t\t\t\t\t\t\t<\/a>\n\t\t\t\t\t\t\t\t\t\t\t\t\t\t\t<\/div>\n\t\t\t\t<\/div>\n\t\t<div class=\"elementor-element elementor-element-ae6c666 e-con-full e-flex e-con e-child\" data-id=\"ae6c666\" data-element_type=\"container\" data-e-type=\"container\">\n\t\t\t\t<div class=\"elementor-element elementor-element-6678bd4 elementor-widget elementor-widget-image\" data-id=\"6678bd4\" data-element_type=\"widget\" data-e-type=\"widget\" data-widget_type=\"image.default\">\n\t\t\t\t\t\t\t\t\t\t\t\t\t\t\t\t<a href=\"https:\/\/fmoyyapi.com\/index.php\/villa\/\">\n\t\t\t\t\t\t\t<img decoding=\"async\" width=\"300\" height=\"170\" src=\"https:\/\/fmoyyapi.com\/wp-content\/uploads\/2026\/02\/WhatsApp-Image-300x170.jpg\" class=\"attachment-medium size-medium wp-image-114\" alt=\"\" srcset=\"https:\/\/fmoyyapi.com\/wp-content\/uploads\/2026\/02\/WhatsApp-Image-300x170.jpg 300w, https:\/\/fmoyyapi.com\/wp-content\/uploads\/2026\/02\/WhatsApp-Image-768x435.jpg 768w, https:\/\/fmoyyapi.com\/wp-content\/uploads\/2026\/02\/WhatsApp-Image.jpg 1024w\" sizes=\"(max-width: 300px) 100vw, 300px\" \/>\t\t\t\t\t\t\t\t<\/a>\n\t\t\t\t\t\t\t\t\t\t\t\t\t\t\t<\/div>\n\t\t\t\t<\/div>\n\t\t<div class=\"elementor-element elementor-element-dae27c2 e-con-full e-flex e-con e-child\" data-id=\"dae27c2\" data-element_type=\"container\" data-e-type=\"container\">\n\t\t\t\t<div class=\"elementor-element elementor-element-a46c648 elementor-widget elementor-widget-heading\" data-id=\"a46c648\" data-element_type=\"widget\" data-e-type=\"widget\" data-widget_type=\"heading.default\">\n\t\t\t\t\t<h4 class=\"elementor-heading-title elementor-size-default\"><a href=\"https:\/\/fmoyyapi.com\/index.php\/guzelyurt\/\">G\u00dcZELYURT<\/a><\/h4>\t\t\t\t<\/div>\n\t\t\t\t<\/div>\n\t\t<div class=\"elementor-element elementor-element-14cb55c e-con-full e-flex e-con e-child\" data-id=\"14cb55c\" data-element_type=\"container\" data-e-type=\"container\">\n\t\t\t\t<div class=\"elementor-element elementor-element-d9e565c elementor-widget__width-initial elementor-widget elementor-widget-heading\" data-id=\"d9e565c\" data-element_type=\"widget\" data-e-type=\"widget\" data-widget_type=\"heading.default\">\n\t\t\t\t\t<h4 class=\"elementor-heading-title elementor-size-default\"><a href=\"https:\/\/fmoyyapi.com\/index.php\/alpaslan-ataman\/\">ALPASLAN ATAMAN<\/a><\/h4>\t\t\t\t<\/div>\n\t\t\t\t<\/div>\n\t\t<div class=\"elementor-element elementor-element-5b99c04 e-con-full e-flex e-con e-child\" data-id=\"5b99c04\" data-element_type=\"container\" data-e-type=\"container\">\n\t\t\t\t<div class=\"elementor-element elementor-element-9745302 elementor-widget__width-initial elementor-widget elementor-widget-heading\" data-id=\"9745302\" data-element_type=\"widget\" data-e-type=\"widget\" data-widget_type=\"heading.default\">\n\t\t\t\t\t<h4 class=\"elementor-heading-title elementor-size-default\"><a href=\"https:\/\/fmoyyapi.com\/index.php\/villa\/\">V\u0130LLA<\/a><\/h4>\t\t\t\t<\/div>\n\t\t\t\t<\/div>\n\t\t\t\t\t<\/div>\n\t\t\t\t<\/div>\n\t\t<div class=\"elementor-element elementor-element-37410bb e-flex e-con-boxed e-con e-parent\" data-id=\"37410bb\" data-element_type=\"container\" data-e-type=\"container\">\n\t\t\t\t\t<div class=\"e-con-inner\">\n\t\t<div class=\"elementor-element elementor-element-7b77e66 e-con-full e-flex e-con e-child\" data-id=\"7b77e66\" data-element_type=\"container\" data-e-type=\"container\">\n\t\t\t\t<div class=\"elementor-element elementor-element-87e966c elementor-widget elementor-widget-image\" data-id=\"87e966c\" data-element_type=\"widget\" data-e-type=\"widget\" data-widget_type=\"image.default\">\n\t\t\t\t\t\t\t\t\t\t\t\t\t\t\t\t<a href=\"https:\/\/fmoyyapi.com\/index.php\/alpaslan-besmele\/\">\n\t\t\t\t\t\t\t<img loading=\"lazy\" decoding=\"async\" width=\"300\" height=\"185\" src=\"https:\/\/fmoyyapi.com\/wp-content\/uploads\/2026\/02\/y-02-1-300x185.jpg\" class=\"attachment-medium size-medium wp-image-112\" alt=\"\" srcset=\"https:\/\/fmoyyapi.com\/wp-content\/uploads\/2026\/02\/y-02-1-300x185.jpg 300w, https:\/\/fmoyyapi.com\/wp-content\/uploads\/2026\/02\/y-02-1-1024x633.jpg 1024w, https:\/\/fmoyyapi.com\/wp-content\/uploads\/2026\/02\/y-02-1-768x475.jpg 768w, https:\/\/fmoyyapi.com\/wp-content\/uploads\/2026\/02\/y-02-1-1536x949.jpg 1536w, https:\/\/fmoyyapi.com\/wp-content\/uploads\/2026\/02\/y-02-1-2048x1266.jpg 2048w\" sizes=\"(max-width: 300px) 100vw, 300px\" \/>\t\t\t\t\t\t\t\t<\/a>\n\t\t\t\t\t\t\t\t\t\t\t\t\t\t\t<\/div>\n\t\t\t\t<\/div>\n\t\t<div class=\"elementor-element elementor-element-e47536b e-con-full e-flex e-con e-child\" data-id=\"e47536b\" data-element_type=\"container\" data-e-type=\"container\">\n\t\t\t\t<div class=\"elementor-element elementor-element-2a7223e elementor-widget elementor-widget-image\" data-id=\"2a7223e\" data-element_type=\"widget\" data-e-type=\"widget\" data-widget_type=\"image.default\">\n\t\t\t\t\t\t\t\t\t\t\t\t\t\t\t<img loading=\"lazy\" decoding=\"async\" width=\"300\" height=\"169\" src=\"https:\/\/fmoyyapi.com\/wp-content\/uploads\/2026\/02\/WhatsApp-Image-2026-02-28-at-16.15.41-5-300x169.jpeg\" class=\"attachment-medium size-medium wp-image-113\" alt=\"\" srcset=\"https:\/\/fmoyyapi.com\/wp-content\/uploads\/2026\/02\/WhatsApp-Image-2026-02-28-at-16.15.41-5-300x169.jpeg 300w, https:\/\/fmoyyapi.com\/wp-content\/uploads\/2026\/02\/WhatsApp-Image-2026-02-28-at-16.15.41-5-1024x576.jpeg 1024w, https:\/\/fmoyyapi.com\/wp-content\/uploads\/2026\/02\/WhatsApp-Image-2026-02-28-at-16.15.41-5-768x432.jpeg 768w, https:\/\/fmoyyapi.com\/wp-content\/uploads\/2026\/02\/WhatsApp-Image-2026-02-28-at-16.15.41-5-1536x864.jpeg 1536w, https:\/\/fmoyyapi.com\/wp-content\/uploads\/2026\/02\/WhatsApp-Image-2026-02-28-at-16.15.41-5.jpeg 1600w\" sizes=\"(max-width: 300px) 100vw, 300px\" \/>\t\t\t\t\t\t\t\t\t\t\t\t\t\t\t<\/div>\n\t\t\t\t<\/div>\n\t\t<div class=\"elementor-element elementor-element-2586878 e-con-full e-flex e-con e-child\" data-id=\"2586878\" data-element_type=\"container\" data-e-type=\"container\">\n\t\t\t\t<div class=\"elementor-element elementor-element-fcc9fed elementor-widget elementor-widget-image\" data-id=\"fcc9fed\" data-element_type=\"widget\" data-e-type=\"widget\" data-widget_type=\"image.default\">\n\t\t\t\t\t\t\t\t\t\t\t\t\t\t\t<img loading=\"lazy\" decoding=\"async\" width=\"300\" height=\"210\" src=\"https:\/\/fmoyyapi.com\/wp-content\/uploads\/2026\/02\/WhatsApp-Image-2026-02-28-at-16.15.41-2-300x210.jpeg\" class=\"attachment-medium size-medium wp-image-111\" alt=\"\" srcset=\"https:\/\/fmoyyapi.com\/wp-content\/uploads\/2026\/02\/WhatsApp-Image-2026-02-28-at-16.15.41-2-300x210.jpeg 300w, https:\/\/fmoyyapi.com\/wp-content\/uploads\/2026\/02\/WhatsApp-Image-2026-02-28-at-16.15.41-2-1024x718.jpeg 1024w, https:\/\/fmoyyapi.com\/wp-content\/uploads\/2026\/02\/WhatsApp-Image-2026-02-28-at-16.15.41-2-768x539.jpeg 768w, https:\/\/fmoyyapi.com\/wp-content\/uploads\/2026\/02\/WhatsApp-Image-2026-02-28-at-16.15.41-2.jpeg 1280w\" sizes=\"(max-width: 300px) 100vw, 300px\" \/>\t\t\t\t\t\t\t\t\t\t\t\t\t\t\t<\/div>\n\t\t\t\t<\/div>\n\t\t<div class=\"elementor-element elementor-element-e421834 e-con-full e-flex e-con e-child\" data-id=\"e421834\" data-element_type=\"container\" data-e-type=\"container\">\n\t\t\t\t<div class=\"elementor-element elementor-element-8cca62f elementor-widget elementor-widget-heading\" data-id=\"8cca62f\" data-element_type=\"widget\" data-e-type=\"widget\" data-widget_type=\"heading.default\">\n\t\t\t\t\t<h4 class=\"elementor-heading-title elementor-size-default\"><a href=\"https:\/\/fmoyyapi.com\/index.php\/alpaslan-besmele\/\">ALPASLAN BESMELE     <\/a><\/h4>\t\t\t\t<\/div>\n\t\t\t\t<\/div>\n\t\t<div class=\"elementor-element elementor-element-d4d11e7 e-con-full e-flex e-con e-child\" data-id=\"d4d11e7\" data-element_type=\"container\" data-e-type=\"container\">\n\t\t\t\t<div class=\"elementor-element elementor-element-6544cb1 elementor-widget elementor-widget-heading\" data-id=\"6544cb1\" data-element_type=\"widget\" data-e-type=\"widget\" data-widget_type=\"heading.default\">\n\t\t\t\t\t<h4 class=\"elementor-heading-title elementor-size-default\">DO\u011eU\u015e<\/h4>\t\t\t\t<\/div>\n\t\t\t\t<\/div>\n\t\t<div class=\"elementor-element elementor-element-11baea4 e-con-full e-flex e-con e-child\" data-id=\"11baea4\" data-element_type=\"container\" data-e-type=\"container\">\n\t\t\t\t<div class=\"elementor-element elementor-element-0fce919 elementor-widget elementor-widget-heading\" data-id=\"0fce919\" data-element_type=\"widget\" data-e-type=\"widget\" data-widget_type=\"heading.default\">\n\t\t\t\t\t<h4 class=\"elementor-heading-title elementor-size-default\">K\u00d6YCE\u011e\u0130Z<\/h4>\t\t\t\t<\/div>\n\t\t\t\t<\/div>\n\t\t\t\t\t<\/div>\n\t\t\t\t<\/div>\n\t\t\t\t<\/div>\n\t\t","protected":false},"excerpt":{"rendered":"<p>G\u00dcZELYURT ALPASLAN ATAMAN V\u0130LLA ALPASLAN BESMELE DO\u011eU\u015e K\u00d6YCE\u011e\u0130Z<\/p>\n","protected":false},"author":1,"featured_media":0,"parent":0,"menu_order":0,"comment_status":"closed","ping_status":"closed","template":"","meta":{"_monsterinsights_skip_tracking":false,"_monsterinsights_sitenote_active":false,"_monsterinsights_sitenote_note":"","_monsterinsights_sitenote_category":0,"ngg_post_thumbnail":0,"footnotes":""},"class_list":["post-188","page","type-page","status-publish","hentry"],"_links":{"self":[{"href":"https:\/\/fmoyyapi.com\/index.php\/wp-json\/wp\/v2\/pages\/188","targetHints":{"allow":["GET"]}}],"collection":[{"href":"https:\/\/fmoyyapi.com\/index.php\/wp-json\/wp\/v2\/pages"}],"about":[{"href":"https:\/\/fmoyyapi.com\/index.php\/wp-json\/wp\/v2\/types\/page"}],"author":[{"embeddable":true,"href":"https:\/\/fmoyyapi.com\/index.php\/wp-json\/wp\/v2\/users\/1"}],"replies":[{"embeddable":true,"href":"https:\/\/fmoyyapi.com\/index.php\/wp-json\/wp\/v2\/comments?post=188"}],"version-history":[{"count":13,"href":"https:\/\/fmoyyapi.com\/index.php\/wp-json\/wp\/v2\/pages\/188\/revisions"}],"predecessor-version":[{"id":202,"href":"https:\/\/fmoyyapi.com\/index.php\/wp-json\/wp\/v2\/pages\/188\/revisions\/202"}],"wp:attachment":[{"href":"https:\/\/fmoyyapi.com\/index.php\/wp-json\/wp\/v2\/media?parent=188"}],"curies":[{"name":"wp","href":"https:\/\/api.w.org\/{rel}","templated":true}]}}