{"id":32,"date":"2026-02-24T21:49:24","date_gmt":"2026-02-24T18:49:24","guid":{"rendered":"https:\/\/fmoyyapi.com\/?page_id=32"},"modified":"2026-02-28T17:37:55","modified_gmt":"2026-02-28T14:37:55","slug":"hakkimizda","status":"publish","type":"page","link":"https:\/\/fmoyyapi.com\/index.php\/hakkimizda\/","title":{"rendered":"Hakk\u0131m\u0131zda"},"content":{"rendered":"\t\t<div data-elementor-type=\"wp-page\" data-elementor-id=\"32\" class=\"elementor elementor-32\">\n\t\t\t\t<div class=\"elementor-element elementor-element-119b8499 e-flex e-con-boxed e-con e-parent\" data-id=\"119b8499\" data-element_type=\"container\" data-e-type=\"container\">\n\t\t\t\t\t<div class=\"e-con-inner\">\n\t\t\t\t<div class=\"elementor-element elementor-element-69218994 elementor-widget elementor-widget-text-editor\" data-id=\"69218994\" data-element_type=\"widget\" data-e-type=\"widget\" data-widget_type=\"text-editor.default\">\n\t\t\t\t\t\t\t\t\t<p><\/p>\n<p><strong>FMOY YAPI<\/strong>, modern in\u015faat anlay\u0131\u015f\u0131n\u0131 kalite, g\u00fcven ve s\u00fcrd\u00fcr\u00fclebilirlik ilkeleriyle birle\u015ftiren yenilik\u00e7i bir yap\u0131 firmas\u0131d\u0131r. Konut, ticari alan ve taahh\u00fct projelerinde estetik tasar\u0131m\u0131 sa\u011flam m\u00fchendislik \u00e7\u00f6z\u00fcmleriyle bulu\u015fturarak uzun \u00f6m\u00fcrl\u00fc ve g\u00fcvenli yap\u0131lar in\u015fa eder.<\/p>\n<p><\/p>\n<p>M\u00fc\u015fteri memnuniyetini \u00f6n planda tutan FMOY YAPI, projelerini zaman\u0131nda ve eksiksiz teslim etme prensibiyle hareket ederken; \u00e7a\u011fda\u015f mimari, y\u00fcksek malzeme kalitesi ve titiz i\u015f\u00e7ilik anlay\u0131\u015f\u0131yla de\u011fer \u00fcretir.<\/p>\n<p><\/p>\n<p>Gelece\u011fi in\u015fa ederken g\u00fcveni temel alan FMOY YAPI, ya\u015fam alanlar\u0131n\u0131 daha konforlu, daha estetik ve daha sa\u011flam hale getirmeyi hedefler.<\/p>\n<p><\/p>\t\t\t\t\t\t\t\t<\/div>\n\t\t\t\t\t<\/div>\n\t\t\t\t<\/div>\n\t\t\t\t<\/div>\n\t\t","protected":false},"excerpt":{"rendered":"<p>FMOY YAPI, modern in\u015faat anlay\u0131\u015f\u0131n\u0131 kalite, g\u00fcven ve s\u00fcrd\u00fcr\u00fclebilirlik ilkeleriyle birle\u015ftiren yenilik\u00e7i bir yap\u0131 firmas\u0131d\u0131r. Konut, ticari alan ve taahh\u00fct projelerinde estetik tasar\u0131m\u0131 sa\u011flam m\u00fchendislik \u00e7\u00f6z\u00fcmleriyle bulu\u015fturarak uzun \u00f6m\u00fcrl\u00fc ve g\u00fcvenli yap\u0131lar in\u015fa eder. M\u00fc\u015fteri memnuniyetini \u00f6n planda tutan FMOY YAPI, projelerini zaman\u0131nda ve eksiksiz teslim etme prensibiyle hareket ederken; \u00e7a\u011fda\u015f mimari, y\u00fcksek malzeme kalitesi [&hellip;]<\/p>\n","protected":false},"author":1,"featured_media":0,"parent":0,"menu_order":0,"comment_status":"closed","ping_status":"closed","template":"","meta":{"_monsterinsights_skip_tracking":false,"_monsterinsights_sitenote_active":false,"_monsterinsights_sitenote_note":"","_monsterinsights_sitenote_category":0,"ngg_post_thumbnail":0,"footnotes":""},"class_list":["post-32","page","type-page","status-publish","hentry"],"_links":{"self":[{"href":"https:\/\/fmoyyapi.com\/index.php\/wp-json\/wp\/v2\/pages\/32","targetHints":{"allow":["GET"]}}],"collection":[{"href":"https:\/\/fmoyyapi.com\/index.php\/wp-json\/wp\/v2\/pages"}],"about":[{"href":"https:\/\/fmoyyapi.com\/index.php\/wp-json\/wp\/v2\/types\/page"}],"author":[{"embeddable":true,"href":"https:\/\/fmoyyapi.com\/index.php\/wp-json\/wp\/v2\/users\/1"}],"replies":[{"embeddable":true,"href":"https:\/\/fmoyyapi.com\/index.php\/wp-json\/wp\/v2\/comments?post=32"}],"version-history":[{"count":5,"href":"https:\/\/fmoyyapi.com\/index.php\/wp-json\/wp\/v2\/pages\/32\/revisions"}],"predecessor-version":[{"id":87,"href":"https:\/\/fmoyyapi.com\/index.php\/wp-json\/wp\/v2\/pages\/32\/revisions\/87"}],"wp:attachment":[{"href":"https:\/\/fmoyyapi.com\/index.php\/wp-json\/wp\/v2\/media?parent=32"}],"curies":[{"name":"wp","href":"https:\/\/api.w.org\/{rel}","templated":true}]}}