{"id":37,"date":"2026-02-24T21:49:40","date_gmt":"2026-02-24T18:49:40","guid":{"rendered":"https:\/\/fmoyyapi.com\/?page_id=37"},"modified":"2026-03-01T01:28:50","modified_gmt":"2026-02-28T22:28:50","slug":"iletisim","status":"publish","type":"page","link":"https:\/\/fmoyyapi.com\/index.php\/iletisim\/","title":{"rendered":"\u0130leti\u015fim"},"content":{"rendered":"\t\t<div data-elementor-type=\"wp-page\" data-elementor-id=\"37\" class=\"elementor elementor-37\">\n\t\t\t\t<div class=\"elementor-element elementor-element-aa74863 e-flex e-con-boxed e-con e-parent\" data-id=\"aa74863\" data-element_type=\"container\" data-e-type=\"container\">\n\t\t\t\t\t<div class=\"e-con-inner\">\n\t\t\t\t<div class=\"elementor-element elementor-element-97d2784 elementor-widget elementor-widget-text-editor\" data-id=\"97d2784\" data-element_type=\"widget\" data-e-type=\"widget\" data-widget_type=\"text-editor.default\">\n\t\t\t\t\t\t\t\t\t<h2 class=\"elementor-heading-title elementor-size-default elementor-inline-editing pen\" contenteditable=\"true\" data-elementor-setting-key=\"title\" data-pen-placeholder=\"Buraya Yaz\u0131n...\"><strong>FMOY YAPI \u0130N\u015eAAT MAK. SAN. VE T\u0130C. LTD. \u015eT\u0130.<\/strong><\/h2>\t\t\t\t\t\t\t\t<\/div>\n\t\t\t\t\t<\/div>\n\t\t\t\t<\/div>\n\t\t<div class=\"elementor-element elementor-element-cf6a489 e-con-full e-flex e-con e-parent\" data-id=\"cf6a489\" data-element_type=\"container\" data-e-type=\"container\">\n\t\t<div class=\"elementor-element elementor-element-589c0ef e-con-full e-flex e-con e-child\" data-id=\"589c0ef\" data-element_type=\"container\" data-e-type=\"container\">\n\t\t\t\t<div class=\"elementor-element elementor-element-246df79 elementor-widget elementor-widget-text-editor\" data-id=\"246df79\" data-element_type=\"widget\" data-e-type=\"widget\" data-widget_type=\"text-editor.default\">\n\t\t\t\t\t\t\t\t\t<h4>YETK\u0130L\u0130 K\u0130\u015e\u0130<\/h4>\t\t\t\t\t\t\t\t<\/div>\n\t\t\t\t<\/div>\n\t\t<div class=\"elementor-element elementor-element-fa9568d e-con-full e-flex e-con e-child\" data-id=\"fa9568d\" data-element_type=\"container\" data-e-type=\"container\">\n\t\t\t\t<div class=\"elementor-element elementor-element-b81573a elementor-widget elementor-widget-text-editor\" data-id=\"b81573a\" data-element_type=\"widget\" data-e-type=\"widget\" data-widget_type=\"text-editor.default\">\n\t\t\t\t\t\t\t\t\t<p>MUHAMMED AL\u0130 \u00d6ZKAN<\/p>\t\t\t\t\t\t\t\t<\/div>\n\t\t\t\t<\/div>\n\t\t<div class=\"elementor-element elementor-element-b46bf3e e-con-full e-flex e-con e-child\" data-id=\"b46bf3e\" data-element_type=\"container\" data-e-type=\"container\">\n\t\t\t\t<div class=\"elementor-element elementor-element-978924c elementor-widget elementor-widget-text-editor\" data-id=\"978924c\" data-element_type=\"widget\" data-e-type=\"widget\" data-widget_type=\"text-editor.default\">\n\t\t\t\t\t\t\t\t\t<h4>TELEFON<\/h4>\t\t\t\t\t\t\t\t<\/div>\n\t\t\t\t<\/div>\n\t\t<div class=\"elementor-element elementor-element-72da097 e-con-full e-flex e-con e-child\" data-id=\"72da097\" data-element_type=\"container\" data-e-type=\"container\">\n\t\t\t\t<div class=\"elementor-element elementor-element-730224b elementor-widget elementor-widget-text-editor\" data-id=\"730224b\" data-element_type=\"widget\" data-e-type=\"widget\" data-widget_type=\"text-editor.default\">\n\t\t\t\t\t\t\t\t\t<p>+90 552 829 13 42<\/p>\t\t\t\t\t\t\t\t<\/div>\n\t\t\t\t<\/div>\n\t\t\t\t<\/div>\n\t\t<div class=\"elementor-element elementor-element-3816daa e-con-full e-flex e-con e-parent\" data-id=\"3816daa\" data-element_type=\"container\" data-e-type=\"container\">\n\t\t<div class=\"elementor-element elementor-element-324d2d6 e-con-full e-flex e-con e-child\" data-id=\"324d2d6\" data-element_type=\"container\" data-e-type=\"container\">\n\t\t\t\t<div class=\"elementor-element elementor-element-642a04c elementor-widget elementor-widget-text-editor\" data-id=\"642a04c\" data-element_type=\"widget\" data-e-type=\"widget\" data-widget_type=\"text-editor.default\">\n\t\t\t\t\t\t\t\t\t<h4>ADRES<\/h4>\t\t\t\t\t\t\t\t<\/div>\n\t\t\t\t<\/div>\n\t\t<div class=\"elementor-element elementor-element-1af7123 e-con-full e-flex e-con e-child\" data-id=\"1af7123\" data-element_type=\"container\" data-e-type=\"container\">\n\t\t\t\t<div class=\"elementor-element elementor-element-a311b4a elementor-widget elementor-widget-text-editor\" data-id=\"a311b4a\" data-element_type=\"widget\" data-e-type=\"widget\" data-widget_type=\"text-editor.default\">\n\t\t\t\t\t\t\t\t\t<p>Hamzao\u011flu Mah. Sar\u0131yakup Cad. No:161F Karatay\/KONYA<\/p>\t\t\t\t\t\t\t\t<\/div>\n\t\t\t\t<\/div>\n\t\t<div class=\"elementor-element elementor-element-9bf8f90 e-con-full e-flex e-con e-child\" data-id=\"9bf8f90\" data-element_type=\"container\" data-e-type=\"container\">\n\t\t\t\t<div class=\"elementor-element elementor-element-423a192 elementor-widget elementor-widget-text-editor\" data-id=\"423a192\" data-element_type=\"widget\" data-e-type=\"widget\" data-widget_type=\"text-editor.default\">\n\t\t\t\t\t\t\t\t\t<h4>E-POSTA<\/h4>\t\t\t\t\t\t\t\t<\/div>\n\t\t\t\t<\/div>\n\t\t<div class=\"elementor-element elementor-element-ba0cca0 e-con-full e-flex e-con e-child\" data-id=\"ba0cca0\" data-element_type=\"container\" data-e-type=\"container\">\n\t\t\t\t<div class=\"elementor-element elementor-element-b8c46f4 elementor-widget elementor-widget-text-editor\" data-id=\"b8c46f4\" data-element_type=\"widget\" data-e-type=\"widget\" data-widget_type=\"text-editor.default\">\n\t\t\t\t\t\t\t\t\t<p><a href=\"mailto:info@fmoyyapi.com\">info@fmoyyapi.com<\/a><\/p>\t\t\t\t\t\t\t\t<\/div>\n\t\t\t\t<\/div>\n\t\t\t\t<\/div>\n\t\t<div class=\"elementor-element elementor-element-d09458b e-flex e-con-boxed e-con e-parent\" data-id=\"d09458b\" data-element_type=\"container\" data-e-type=\"container\">\n\t\t\t\t\t<div class=\"e-con-inner\">\n\t\t\t\t<div class=\"elementor-element elementor-element-d609a4f elementor-widget elementor-widget-google_maps\" data-id=\"d609a4f\" data-element_type=\"widget\" data-e-type=\"widget\" data-widget_type=\"google_maps.default\">\n\t\t\t\t\t\t\t<div class=\"elementor-custom-embed\">\n\t\t\t<iframe loading=\"lazy\"\n\t\t\t\t\tsrc=\"https:\/\/maps.google.com\/maps?q=hamzao%C4%9Flu%20mahallesi%20sar%C4%B1yakup%20caddesi%20no%3A161F&#038;t=m&#038;z=10&#038;output=embed&#038;iwloc=near\"\n\t\t\t\t\ttitle=\"hamzao\u011flu mahallesi sar\u0131yakup caddesi no:161F\"\n\t\t\t\t\taria-label=\"hamzao\u011flu mahallesi sar\u0131yakup caddesi no:161F\"\n\t\t\t><\/iframe>\n\t\t<\/div>\n\t\t\t\t\t\t<\/div>\n\t\t\t\t\t<\/div>\n\t\t\t\t<\/div>\n\t\t\t\t<\/div>\n\t\t","protected":false},"excerpt":{"rendered":"<p>FMOY YAPI \u0130N\u015eAAT MAK. SAN. VE T\u0130C. LTD. \u015eT\u0130. YETK\u0130L\u0130 K\u0130\u015e\u0130 MUHAMMED AL\u0130 \u00d6ZKAN TELEFON +90 552 829 13 42 ADRES Hamzao\u011flu Mah. Sar\u0131yakup Cad. No:161F Karatay\/KONYA E-POSTA info@fmoyyapi.com<\/p>\n","protected":false},"author":1,"featured_media":0,"parent":0,"menu_order":0,"comment_status":"closed","ping_status":"closed","template":"","meta":{"_monsterinsights_skip_tracking":false,"_monsterinsights_sitenote_active":false,"_monsterinsights_sitenote_note":"","_monsterinsights_sitenote_category":0,"ngg_post_thumbnail":0,"footnotes":""},"class_list":["post-37","page","type-page","status-publish","hentry"],"_links":{"self":[{"href":"https:\/\/fmoyyapi.com\/index.php\/wp-json\/wp\/v2\/pages\/37","targetHints":{"allow":["GET"]}}],"collection":[{"href":"https:\/\/fmoyyapi.com\/index.php\/wp-json\/wp\/v2\/pages"}],"about":[{"href":"https:\/\/fmoyyapi.com\/index.php\/wp-json\/wp\/v2\/types\/page"}],"author":[{"embeddable":true,"href":"https:\/\/fmoyyapi.com\/index.php\/wp-json\/wp\/v2\/users\/1"}],"replies":[{"embeddable":true,"href":"https:\/\/fmoyyapi.com\/index.php\/wp-json\/wp\/v2\/comments?post=37"}],"version-history":[{"count":25,"href":"https:\/\/fmoyyapi.com\/index.php\/wp-json\/wp\/v2\/pages\/37\/revisions"}],"predecessor-version":[{"id":224,"href":"https:\/\/fmoyyapi.com\/index.php\/wp-json\/wp\/v2\/pages\/37\/revisions\/224"}],"wp:attachment":[{"href":"https:\/\/fmoyyapi.com\/index.php\/wp-json\/wp\/v2\/media?parent=37"}],"curies":[{"name":"wp","href":"https:\/\/api.w.org\/{rel}","templated":true}]}}